{"id":5924,"date":"2020-10-05T19:02:05","date_gmt":"2020-10-05T19:02:05","guid":{"rendered":"http:\/\/seguridadcorinsa.com\/?page_id=5924"},"modified":"2022-06-29T19:07:22","modified_gmt":"2022-06-29T19:07:22","slug":"comunicacion","status":"publish","type":"page","link":"http:\/\/seguridadcorinsa.com\/index.php\/comunicacion\/","title":{"rendered":"COMUNICACION"},"content":{"rendered":"<div class=\"flex_column av_one_half  flex_column_div av-zero-column-padding first  avia-builder-el-0  el_before_av_one_half  avia-builder-el-first  \" style='border-radius:0px; '><section class=\"av_textblock_section \"  itemscope=\"itemscope\" itemtype=\"https:\/\/schema.org\/CreativeWork\" ><div class='avia_textblock  '   itemprop=\"text\" ><p>La efectiva coordinaci\u00f3n de los esquemas de seguridad implementados para contrarrestar riesgos y amenazas, es fruto de una comunicaci\u00f3n eficaz y directa que reduzca tiempos de reacci\u00f3n y garantice que las instrucciones dadas sean las adecuadas.<\/p>\n<p>De acuerdo a esto contamos con equipos y esquemas adecuados de comunicaci\u00f3n no solo entre nuestro personal operativo en todos los niveles, sino tambi\u00e9n con las autoridades a trav\u00e9s de la red de Apoyo e Informantes de la Polic\u00eda Nacional.<\/p>\n<p>Nuestra propia red de comunicaciones avalada por el Ministerio de la Materia, nos permite flexibilidad y efectividad en los esquemas de comunicaci\u00f3n, lo que permite que esta sea r\u00e1pida y eficaz, no solo entre nuestro personal operativo sino tambi\u00e9n con las autoridades.<\/p>\n<\/div><\/section><\/div><div class=\"flex_column av_one_half  flex_column_div av-zero-column-padding   avia-builder-el-2  el_after_av_one_half  avia-builder-el-last  \" style='border-radius:0px; '><div  class='avia-image-container  av-styling-    avia-builder-el-3  avia-builder-el-no-sibling  avia-align-center '  itemprop=\"image\" itemscope=\"itemscope\" itemtype=\"https:\/\/schema.org\/ImageObject\"  ><div class='avia-image-container-inner'><div class='avia-image-overlay-wrap'><img class='wp-image-6127 avia-img-lazy-loading-not-6127 avia_image' src=\"http:\/\/seguridadcorinsa.com\/wp-content\/uploads\/2022\/06\/servicio-al-cliente-600-600x430.jpg\" alt='' title='servicio-al-cliente-600' height=\"430\" width=\"600\"  itemprop=\"thumbnailUrl\" srcset=\"http:\/\/seguridadcorinsa.com\/wp-content\/uploads\/2022\/06\/servicio-al-cliente-600-600x430.jpg 600w, http:\/\/seguridadcorinsa.com\/wp-content\/uploads\/2022\/06\/servicio-al-cliente-600-260x185.jpg 260w\" sizes=\"(max-width: 600px) 100vw, 600px\" \/><\/div><\/div><\/div><\/div><\/p>\n","protected":false},"excerpt":{"rendered":"","protected":false},"author":1,"featured_media":0,"parent":0,"menu_order":0,"comment_status":"closed","ping_status":"closed","template":"","meta":{"om_disable_all_campaigns":false,"_monsterinsights_skip_tracking":false,"_monsterinsights_sitenote_active":false,"_monsterinsights_sitenote_note":"","_monsterinsights_sitenote_category":0},"_links":{"self":[{"href":"http:\/\/seguridadcorinsa.com\/index.php\/wp-json\/wp\/v2\/pages\/5924"}],"collection":[{"href":"http:\/\/seguridadcorinsa.com\/index.php\/wp-json\/wp\/v2\/pages"}],"about":[{"href":"http:\/\/seguridadcorinsa.com\/index.php\/wp-json\/wp\/v2\/types\/page"}],"author":[{"embeddable":true,"href":"http:\/\/seguridadcorinsa.com\/index.php\/wp-json\/wp\/v2\/users\/1"}],"replies":[{"embeddable":true,"href":"http:\/\/seguridadcorinsa.com\/index.php\/wp-json\/wp\/v2\/comments?post=5924"}],"version-history":[{"count":3,"href":"http:\/\/seguridadcorinsa.com\/index.php\/wp-json\/wp\/v2\/pages\/5924\/revisions"}],"predecessor-version":[{"id":6193,"href":"http:\/\/seguridadcorinsa.com\/index.php\/wp-json\/wp\/v2\/pages\/5924\/revisions\/6193"}],"wp:attachment":[{"href":"http:\/\/seguridadcorinsa.com\/index.php\/wp-json\/wp\/v2\/media?parent=5924"}],"curies":[{"name":"wp","href":"https:\/\/api.w.org\/{rel}","templated":true}]}}