{"id":5933,"date":"2020-10-05T19:12:10","date_gmt":"2020-10-05T19:12:10","guid":{"rendered":"http:\/\/seguridadcorinsa.com\/?page_id=5933"},"modified":"2022-06-29T19:18:38","modified_gmt":"2022-06-29T19:18:38","slug":"equipos-e-infraestructura","status":"publish","type":"page","link":"http:\/\/seguridadcorinsa.com\/index.php\/equipos-e-infraestructura\/","title":{"rendered":"EQUIPOS E INFRAESTRUCTURA"},"content":{"rendered":"\n<p><\/p>\n\n\n<section class=\"av_textblock_section \"  itemscope=\"itemscope\" itemtype=\"https:\/\/schema.org\/CreativeWork\" ><div class='avia_textblock  '   itemprop=\"text\" ><p>Funcionando desde nuestro concepto de legalidad nuestro armamento ha sido adquirido directamente a trav\u00e9s de la Industria Militar, y cuenta con todos los permisos tanto de tenencia como de porte seg\u00fan sea el caso, igualmente este armamento cuenta con un estricto sistema de mantenimiento preventivo y correctivo para garantizar el correcto funcionamiento de estos elementos.<\/p>\n<p>Todos nuestros equipos electr\u00f3nicos como Circuitos Cerrados de Televisi\u00f3n, Detectores de Metal, Controles Electr\u00f3nicos de Ronda, Controles de Acceso entre otros, cuentan con programas de modernizaci\u00f3n y mantenimiento que permiten que se encuentren en todo momento operativos y en \u00f3ptimas condiciones.<\/p>\n<p>Contamos con Sedes Propias que poseen la infraestructura administrativa y tecnol\u00f3gica necesaria para la \u00f3ptima prestaci\u00f3n del servicio, as\u00ed como brindar apoyo a toda la estructura organizacional.<\/p>\n<\/div><\/section>\n","protected":false},"excerpt":{"rendered":"","protected":false},"author":1,"featured_media":0,"parent":0,"menu_order":0,"comment_status":"closed","ping_status":"closed","template":"","meta":{"om_disable_all_campaigns":false,"_monsterinsights_skip_tracking":false,"_monsterinsights_sitenote_active":false,"_monsterinsights_sitenote_note":"","_monsterinsights_sitenote_category":0},"_links":{"self":[{"href":"http:\/\/seguridadcorinsa.com\/index.php\/wp-json\/wp\/v2\/pages\/5933"}],"collection":[{"href":"http:\/\/seguridadcorinsa.com\/index.php\/wp-json\/wp\/v2\/pages"}],"about":[{"href":"http:\/\/seguridadcorinsa.com\/index.php\/wp-json\/wp\/v2\/types\/page"}],"author":[{"embeddable":true,"href":"http:\/\/seguridadcorinsa.com\/index.php\/wp-json\/wp\/v2\/users\/1"}],"replies":[{"embeddable":true,"href":"http:\/\/seguridadcorinsa.com\/index.php\/wp-json\/wp\/v2\/comments?post=5933"}],"version-history":[{"count":1,"href":"http:\/\/seguridadcorinsa.com\/index.php\/wp-json\/wp\/v2\/pages\/5933\/revisions"}],"predecessor-version":[{"id":6200,"href":"http:\/\/seguridadcorinsa.com\/index.php\/wp-json\/wp\/v2\/pages\/5933\/revisions\/6200"}],"wp:attachment":[{"href":"http:\/\/seguridadcorinsa.com\/index.php\/wp-json\/wp\/v2\/media?parent=5933"}],"curies":[{"name":"wp","href":"https:\/\/api.w.org\/{rel}","templated":true}]}}