{"id":5937,"date":"2020-10-05T19:15:54","date_gmt":"2020-10-05T19:15:54","guid":{"rendered":"http:\/\/seguridadcorinsa.com\/?page_id=5937"},"modified":"2020-10-05T19:15:54","modified_gmt":"2020-10-05T19:15:54","slug":"politicas-de-seguridad","status":"publish","type":"page","link":"http:\/\/seguridadcorinsa.com\/index.php\/politicas-de-seguridad\/","title":{"rendered":"POLITICAS DE  SEGURIDAD"},"content":{"rendered":"<p>[vc_row][vc_column][vc_column_text]Dentro de nuestra Misi\u00f3n como prestadores de Servicios de Vigilancia y seguridad Privada, tomamos como base para nuestra operaci\u00f3n, la gesti\u00f3n efectiva de la seguridad.<\/p>\n<p>Inicialmente realizamos un an\u00e1lisis de riesgos, donde se analiza el impacto y frecuencia de probables incidentes o novedades de seguridad de acuerdo a las medidas, equipos y procedimientos establecidos. Posteriormente se establece un tratamiento en conjunto con el cliente para minimizarlos o reducirlos efectivamente. Se supervisar\u00e1 y se monitorear\u00e1 las condiciones de prestaci\u00f3n del servicio para detectar nuevos riesgos as\u00ed como la minimizaci\u00f3n de los ya existentes.<\/p>\n<p>En caso de presentarse incidentes o vulneraciones al esquema de seguridad se proceder\u00e1 a realizar las investigaciones correspondientes, tendientes a eliminar las causas que llevaron a su aparici\u00f3n.[\/vc_column_text][\/vc_column][\/vc_row]<\/p>\n","protected":false},"excerpt":{"rendered":"<p>[vc_row][vc_column][vc_column_text]Dentro de nuestra Misi\u00f3n como prestadores de Servicios de Vigilancia y seguridad Privada, tomamos como base para nuestra operaci\u00f3n, la gesti\u00f3n efectiva de la seguridad. Inicialmente realizamos un an\u00e1lisis de riesgos, donde se analiza el impacto y frecuencia de probables incidentes o novedades de seguridad de acuerdo a las medidas, equipos y procedimientos establecidos. Posteriormente [&hellip;]<\/p>\n","protected":false},"author":1,"featured_media":0,"parent":0,"menu_order":0,"comment_status":"closed","ping_status":"closed","template":"","meta":{"om_disable_all_campaigns":false,"_monsterinsights_skip_tracking":false,"_monsterinsights_sitenote_active":false,"_monsterinsights_sitenote_note":"","_monsterinsights_sitenote_category":0},"_links":{"self":[{"href":"http:\/\/seguridadcorinsa.com\/index.php\/wp-json\/wp\/v2\/pages\/5937"}],"collection":[{"href":"http:\/\/seguridadcorinsa.com\/index.php\/wp-json\/wp\/v2\/pages"}],"about":[{"href":"http:\/\/seguridadcorinsa.com\/index.php\/wp-json\/wp\/v2\/types\/page"}],"author":[{"embeddable":true,"href":"http:\/\/seguridadcorinsa.com\/index.php\/wp-json\/wp\/v2\/users\/1"}],"replies":[{"embeddable":true,"href":"http:\/\/seguridadcorinsa.com\/index.php\/wp-json\/wp\/v2\/comments?post=5937"}],"version-history":[{"count":0,"href":"http:\/\/seguridadcorinsa.com\/index.php\/wp-json\/wp\/v2\/pages\/5937\/revisions"}],"wp:attachment":[{"href":"http:\/\/seguridadcorinsa.com\/index.php\/wp-json\/wp\/v2\/media?parent=5937"}],"curies":[{"name":"wp","href":"https:\/\/api.w.org\/{rel}","templated":true}]}}