{"id":5940,"date":"2020-10-05T19:18:13","date_gmt":"2020-10-05T19:18:13","guid":{"rendered":"http:\/\/seguridadcorinsa.com\/?page_id=5940"},"modified":"2020-10-05T19:18:13","modified_gmt":"2020-10-05T19:18:13","slug":"gestion-del-clima-organizacional","status":"publish","type":"page","link":"http:\/\/seguridadcorinsa.com\/index.php\/gestion-del-clima-organizacional\/","title":{"rendered":"GESTI\u00d3N DEL CLIMA ORGANIZACIONAL"},"content":{"rendered":"<p>[vc_row][vc_column][vc_column_text]Una organizaci\u00f3n moderna busca el crecimiento profesional, personal, humano y social de sus colaboradores.<br \/>\nTeniendo esto como uno de nuestros principios claves al momento de desarrollar nuestras actividades, se han establecido actividades tendientes a mejorar la calidad de vida de nuestros empleados. Adem\u00e1s de la prioridad al cumplir con los compromisos salariales y prestacionales del trabajador, se les brindan compensaciones econ\u00f3micas y en especie.<br \/>\nTambi\u00e9n se brindan capacitaciones con \u00e9nfasis en el desarrollo econ\u00f3mico y se les otorgan facilidades al momento de iniciar en algunos casos su vida crediticia o fortalecerla.[\/vc_column_text][\/vc_column][\/vc_row]<\/p>\n","protected":false},"excerpt":{"rendered":"<p>[vc_row][vc_column][vc_column_text]Una organizaci\u00f3n moderna busca el crecimiento profesional, personal, humano y social de sus colaboradores. Teniendo esto como uno de nuestros principios claves al momento de desarrollar nuestras actividades, se han establecido actividades tendientes a mejorar la calidad de vida de nuestros empleados. Adem\u00e1s de la prioridad al cumplir con los compromisos salariales y prestacionales del [&hellip;]<\/p>\n","protected":false},"author":1,"featured_media":0,"parent":0,"menu_order":0,"comment_status":"closed","ping_status":"closed","template":"","meta":{"om_disable_all_campaigns":false,"_monsterinsights_skip_tracking":false,"_monsterinsights_sitenote_active":false,"_monsterinsights_sitenote_note":"","_monsterinsights_sitenote_category":0},"_links":{"self":[{"href":"http:\/\/seguridadcorinsa.com\/index.php\/wp-json\/wp\/v2\/pages\/5940"}],"collection":[{"href":"http:\/\/seguridadcorinsa.com\/index.php\/wp-json\/wp\/v2\/pages"}],"about":[{"href":"http:\/\/seguridadcorinsa.com\/index.php\/wp-json\/wp\/v2\/types\/page"}],"author":[{"embeddable":true,"href":"http:\/\/seguridadcorinsa.com\/index.php\/wp-json\/wp\/v2\/users\/1"}],"replies":[{"embeddable":true,"href":"http:\/\/seguridadcorinsa.com\/index.php\/wp-json\/wp\/v2\/comments?post=5940"}],"version-history":[{"count":0,"href":"http:\/\/seguridadcorinsa.com\/index.php\/wp-json\/wp\/v2\/pages\/5940\/revisions"}],"wp:attachment":[{"href":"http:\/\/seguridadcorinsa.com\/index.php\/wp-json\/wp\/v2\/media?parent=5940"}],"curies":[{"name":"wp","href":"https:\/\/api.w.org\/{rel}","templated":true}]}}