{"id":5944,"date":"2020-10-05T19:23:25","date_gmt":"2020-10-05T19:23:25","guid":{"rendered":"http:\/\/seguridadcorinsa.com\/?page_id=5944"},"modified":"2020-10-05T19:23:25","modified_gmt":"2020-10-05T19:23:25","slug":"gestion-del-recurso-humano","status":"publish","type":"page","link":"http:\/\/seguridadcorinsa.com\/index.php\/gestion-del-recurso-humano\/","title":{"rendered":"GESTI\u00d3N DEL RECURSO HUMANO"},"content":{"rendered":"<p>[vc_row][vc_column][vc_column_text]Conscientes de que nuestro recurso humano es la base de toda nuestra operaci\u00f3n hemos establecido un estricto protocolo de selecci\u00f3n de personal, que adem\u00e1s de evaluar la competencia tambi\u00e9n eval\u00faa su confiabilidad.<br \/>\nEste procedimiento incluye actividades como: Entrevista personalizada de selecci\u00f3n; Evaluaci\u00f3n T\u00e9cnica de Acuerdo al cargo; Visita domiciliar\u00eda para verificaci\u00f3n de condiciones socioecon\u00f3micas; Verificaci\u00f3n de referencias, antecedentes disciplinarios y judiciales.<br \/>\nIgualmente, nuestro Recurso Humano es continuamente capacitado de acuerdo a los requerimientos propios de la labor con \u00e9nfasis en Seguridad, Servicio al Cliente y Desarrollo Humano.[\/vc_column_text][\/vc_column][\/vc_row]<\/p>\n","protected":false},"excerpt":{"rendered":"<p>[vc_row][vc_column][vc_column_text]Conscientes de que nuestro recurso humano es la base de toda nuestra operaci\u00f3n hemos establecido un estricto protocolo de selecci\u00f3n de personal, que adem\u00e1s de evaluar la competencia tambi\u00e9n eval\u00faa su confiabilidad. Este procedimiento incluye actividades como: Entrevista personalizada de selecci\u00f3n; Evaluaci\u00f3n T\u00e9cnica de Acuerdo al cargo; Visita domiciliar\u00eda para verificaci\u00f3n de condiciones socioecon\u00f3micas; Verificaci\u00f3n [&hellip;]<\/p>\n","protected":false},"author":1,"featured_media":0,"parent":0,"menu_order":0,"comment_status":"closed","ping_status":"closed","template":"","meta":{"om_disable_all_campaigns":false,"_monsterinsights_skip_tracking":false,"_monsterinsights_sitenote_active":false,"_monsterinsights_sitenote_note":"","_monsterinsights_sitenote_category":0},"_links":{"self":[{"href":"http:\/\/seguridadcorinsa.com\/index.php\/wp-json\/wp\/v2\/pages\/5944"}],"collection":[{"href":"http:\/\/seguridadcorinsa.com\/index.php\/wp-json\/wp\/v2\/pages"}],"about":[{"href":"http:\/\/seguridadcorinsa.com\/index.php\/wp-json\/wp\/v2\/types\/page"}],"author":[{"embeddable":true,"href":"http:\/\/seguridadcorinsa.com\/index.php\/wp-json\/wp\/v2\/users\/1"}],"replies":[{"embeddable":true,"href":"http:\/\/seguridadcorinsa.com\/index.php\/wp-json\/wp\/v2\/comments?post=5944"}],"version-history":[{"count":0,"href":"http:\/\/seguridadcorinsa.com\/index.php\/wp-json\/wp\/v2\/pages\/5944\/revisions"}],"wp:attachment":[{"href":"http:\/\/seguridadcorinsa.com\/index.php\/wp-json\/wp\/v2\/media?parent=5944"}],"curies":[{"name":"wp","href":"https:\/\/api.w.org\/{rel}","templated":true}]}}