{"id":5953,"date":"2020-10-05T19:47:59","date_gmt":"2020-10-05T19:47:59","guid":{"rendered":"http:\/\/seguridadcorinsa.com\/?page_id=5953"},"modified":"2022-06-29T20:37:23","modified_gmt":"2022-06-29T20:37:23","slug":"mision","status":"publish","type":"page","link":"http:\/\/seguridadcorinsa.com\/index.php\/mision\/","title":{"rendered":"MISION"},"content":{"rendered":"<section class=\"av_textblock_section \"  itemscope=\"itemscope\" itemtype=\"https:\/\/schema.org\/CreativeWork\" ><div class='avia_textblock  '   itemprop=\"text\" ><p style=\"text-align: center;\">Somos una organizaci\u00f3n que presta servicios de Vigilancia y Seguridad privada de acuerdo a las regulaciones que sobre la materia ha determinado el gobierno nacional, con la cooperaci\u00f3n de personal competente, procesos eficaces y equipos adecuados; nos comprometemos con la satisfacci\u00f3n de nuestros clientes a trav\u00e9s de un servicio personalizado, bajo est\u00e1ndares de calidad y seguridad.<\/p>\n<p style=\"text-align: center;\">Nuestro compromiso social est\u00e1 ligado al desarrollo del pa\u00eds, a trav\u00e9s de la generaci\u00f3n sostenida del empleo; promoviendo actividades legales y evitando la comisi\u00f3n de actividades il\u00edcitas.<\/p>\n<p style=\"text-align: center;\">Quiere afianzar su presencia en los sectores industriales, Empresariales y Residenciales; brindar confianza y solidez a la organizaci\u00f3n y a los clientes a trav\u00e9s de su personal id\u00f3neo y sus procesos eficaces<\/p>\n<\/div><\/section>\n","protected":false},"excerpt":{"rendered":"","protected":false},"author":1,"featured_media":0,"parent":0,"menu_order":0,"comment_status":"closed","ping_status":"closed","template":"","meta":{"om_disable_all_campaigns":false,"_monsterinsights_skip_tracking":false,"_monsterinsights_sitenote_active":false,"_monsterinsights_sitenote_note":"","_monsterinsights_sitenote_category":0},"_links":{"self":[{"href":"http:\/\/seguridadcorinsa.com\/index.php\/wp-json\/wp\/v2\/pages\/5953"}],"collection":[{"href":"http:\/\/seguridadcorinsa.com\/index.php\/wp-json\/wp\/v2\/pages"}],"about":[{"href":"http:\/\/seguridadcorinsa.com\/index.php\/wp-json\/wp\/v2\/types\/page"}],"author":[{"embeddable":true,"href":"http:\/\/seguridadcorinsa.com\/index.php\/wp-json\/wp\/v2\/users\/1"}],"replies":[{"embeddable":true,"href":"http:\/\/seguridadcorinsa.com\/index.php\/wp-json\/wp\/v2\/comments?post=5953"}],"version-history":[{"count":2,"href":"http:\/\/seguridadcorinsa.com\/index.php\/wp-json\/wp\/v2\/pages\/5953\/revisions"}],"predecessor-version":[{"id":6230,"href":"http:\/\/seguridadcorinsa.com\/index.php\/wp-json\/wp\/v2\/pages\/5953\/revisions\/6230"}],"wp:attachment":[{"href":"http:\/\/seguridadcorinsa.com\/index.php\/wp-json\/wp\/v2\/media?parent=5953"}],"curies":[{"name":"wp","href":"https:\/\/api.w.org\/{rel}","templated":true}]}}